{"id":2093,"date":"2015-08-17T04:50:19","date_gmt":"2015-08-17T04:50:19","guid":{"rendered":"http:\/\/gdz.ge\/?page_id=2093"},"modified":"2025-05-24T10:10:48","modified_gmt":"2025-05-24T06:10:48","slug":"service","status":"publish","type":"page","link":"https:\/\/gdz.ge\/de\/service\/","title":{"rendered":"Service"},"content":{"rendered":"<div class=\"wpb-content-wrapper\"><p>[vc_row css=&#8220;.vc_custom_1441955668424{margin-top: -135px !important;margin-bottom: 65px !important;}&#8220;][vc_column][\/vc_column][\/vc_row][vc_row css=&#8220;.vc_custom_1441955668424{margin-top: -135px !important;margin-bottom: 65px !important;}&#8220;][vc_column width=&#8220;2\/3&#8243;][vc_single_image image=&#8220;392903&#8243; img_size=&#8220;large&#8220;][vc_column_text]<\/p>\n<h4><strong>Georgisch-Deutsches Zentrum bietet:<\/strong><\/h4>\n<ul>\n<li>\n<h4>\u00dcbersetzungszentrum<\/h4>\n<\/li>\n<li>\n<h4>Bereitstellung der Dolmetscherdienste<\/h4>\n<\/li>\n<li>\n<h4>Arrangement von Ausstellungen, Kultur-p\u00e4dagogischen Aktivit\u00e4ten und Gesch\u00e4ftsreisen<\/h4>\n<\/li>\n<li>\n<h4>GDZ bietet den Interessentengruppen und Delegationen die Verbindung mit den verschiedenen Reiseb\u00fcros nach dem Wunsch und Auswahl an<\/h4>\n<\/li>\n<\/ul>\n<p>[\/vc_column_text][\/vc_column][vc_column width=&#8220;1\/3&#8243;][vc_widget_sidebar sidebar_id=&#8220;primary_sidebar&#8220;][\/vc_column][\/vc_row][vc_row css=&#8220;.vc_custom_1441955830033{margin-bottom: 40px !important;padding-bottom: 65px !important;}&#8220;][vc_column][vc_row_inner][vc_column_inner width=&#8220;1\/2&#8243;][vc_column_text]<div id=icb-69e2eadb6e105 class=\"k2t-iconbox has-background layout-1 k2t-element-hover k2t-element-hover\"  style=\"background-color: #03a9f4\"><div class=\"iconbox-icon\" style=\"color: #ffffff\"><i style=\"font-size: 48px;color: #ffffff\" class=\"zmdi zmdi-email\"><\/i><\/div><div class=\"iconbox-text\"><div class=\"title\"><h3 style=\"color: #ffffff;text-transform: uppercase;font-size: 16px;\" class=\"h\">\u10d4\u10da\u10e4\u10dd\u10e1\u10e2\u10d0<\/h3><\/div><div class=\"desc\">gdzkutaissi@gmail.com<\/div><\/div><\/div><style>#icb-69e2eadb6e105 .title h3,#icb-69e2eadb6e105 .title a {color: #ffffff;}<\/style>[\/vc_column_text][\/vc_column_inner][vc_column_inner width=&#8220;1\/2&#8243;][vc_column_text]<div id=icb-69e2eadb6e16d class=\"k2t-iconbox has-background layout-1 k2t-element-hover k2t-element-hover\"  style=\"background-color: #8bc34a\"><div class=\"iconbox-icon\" style=\"color: #ffffff\"><i style=\"font-size: 48px;color: #ffffff\" class=\"zmdi zmdi-phone\"><\/i><\/div><div class=\"iconbox-text\"><div class=\"title\"><h3 style=\"color: #ffffff;text-transform: uppercase;font-size: 16px;\" class=\"h\">\u10ea\u10ee\u10d4\u10da\u10d8 \u10ee\u10d0\u10d6\u10d8<\/h3><\/div><div class=\"desc\">\u10db\u10dd\u10d1.: &nbsp;+995 599893530<\/div><\/div><\/div><style>#icb-69e2eadb6e16d .title h3,#icb-69e2eadb6e16d .title a {color: #ffffff;}<\/style>[\/vc_column_text][\/vc_column_inner][\/vc_row_inner][\/vc_column][\/vc_row]<br \/>\n<\/p>\n<\/div>","protected":false},"excerpt":{"rendered":"<p>[vc_row css=&#8220;.vc_custom_1441955668424{margin-top: -135px !important;margin-bottom: 65px !important;}&#8220;][vc_column][\/vc_column][\/vc_row][vc_row css=&#8220;.vc_custom_1441955668424{margin-top: -135px !important;margin-bottom: 65px !important;}&#8220;][vc_column width=&#8220;2\/3&#8243;][vc_single_image image=&#8220;392903&#8243; img_size=&#8220;large&#8220;][vc_column_text] Georgisch-Deutsches Zentrum bietet: \u00dcbersetzungszentrum Bereitstellung der<\/p>\n","protected":false},"author":1,"featured_media":0,"parent":0,"menu_order":0,"comment_status":"closed","ping_status":"open","template":"","meta":{"ngg_post_thumbnail":0,"footnotes":""},"class_list":["post-2093","page","type-page","status-publish","hentry"],"_links":{"self":[{"href":"https:\/\/gdz.ge\/de\/wp-json\/wp\/v2\/pages\/2093","targetHints":{"allow":["GET"]}}],"collection":[{"href":"https:\/\/gdz.ge\/de\/wp-json\/wp\/v2\/pages"}],"about":[{"href":"https:\/\/gdz.ge\/de\/wp-json\/wp\/v2\/types\/page"}],"author":[{"embeddable":true,"href":"https:\/\/gdz.ge\/de\/wp-json\/wp\/v2\/users\/1"}],"replies":[{"embeddable":true,"href":"https:\/\/gdz.ge\/de\/wp-json\/wp\/v2\/comments?post=2093"}],"version-history":[{"count":1,"href":"https:\/\/gdz.ge\/de\/wp-json\/wp\/v2\/pages\/2093\/revisions"}],"predecessor-version":[{"id":394981,"href":"https:\/\/gdz.ge\/de\/wp-json\/wp\/v2\/pages\/2093\/revisions\/394981"}],"wp:attachment":[{"href":"https:\/\/gdz.ge\/de\/wp-json\/wp\/v2\/media?parent=2093"}],"curies":[{"name":"wp","href":"https:\/\/api.w.org\/{rel}","templated":true}]}}