{"id":392424,"date":"2019-05-21T22:09:20","date_gmt":"2019-05-21T18:09:20","guid":{"rendered":"http:\/\/gdz.ge\/?page_id=392424"},"modified":"2019-07-07T17:17:21","modified_gmt":"2019-07-07T13:17:21","slug":"%e1%83%a1%e1%83%90%e1%83%9e%e1%83%90%e1%83%a2%e1%83%98%e1%83%9d-%e1%83%9b%e1%83%9d%e1%83%a5%e1%83%90%e1%83%9a%e1%83%90%e1%83%a5%e1%83%94%e1%83%94%e1%83%91%e1%83%98","status":"publish","type":"page","link":"https:\/\/gdz.ge\/de\/%e1%83%a1%e1%83%90%e1%83%9e%e1%83%90%e1%83%a2%e1%83%98%e1%83%9d-%e1%83%9b%e1%83%9d%e1%83%a5%e1%83%90%e1%83%9a%e1%83%90%e1%83%a5%e1%83%94%e1%83%94%e1%83%91%e1%83%98\/","title":{"rendered":"Ehrenb\u00fcrger"},"content":{"rendered":"<div class=\"wpb-content-wrapper\"><p>[vc_row][vc_column]<div  id=\"7yNguHrJ6w\" class=\"k2t-heading align-left no-border no-subtitle h2 two_dots\"><div class=\"k2t-heading-inner\"><div class=\"text\"><h2 class=\"h\"><span>Ehrenb\u00fcrger<\/span><\/h2><\/div><\/div><\/div>[vc_column_text]<a href=\"http:\/\/gdz.ge\/wp-content\/uploads\/2019\/05\/herman-vedekindi.jpg\"><img loading=\"lazy\" decoding=\"async\" class=\"size-full wp-image-391895 alignleft\" src=\"http:\/\/gdz.ge\/wp-content\/uploads\/2019\/05\/herman-vedekindi.jpg\" alt=\"\" width=\"150\" height=\"200\" \/><\/a><\/p>\n<p style=\"color: blue; font-size: 18px;\">Hermann Wedekind<\/p>\n<p style=\"color: black; font-size: 16px;\">Deutscher Schauspieler, Operns\u00e4nger, Regisseur und Theaterintendant.<br \/>\nEr erhielt das Gro\u00dfe Verdienstkreuz des Verdienstordens der Bundesrepublik Deutschland, den Verdienstorden des Saarlandes, den Verdienstorden des Landes Nordrhein-Westfalen und die Albert-Schweitzer-Friedensmedaille.<br \/>\n1995 ernannte ihn Pr\u00e4sident Eduard Schewardnadse zum Ersten Ehrenb\u00fcrger der Republik Georgien.<br \/>\n1996 wurde er Ehrenb\u00fcrger von Kutaissi<\/p>\n<p>&nbsp;<\/p>\n<p>&nbsp;<\/p>\n<p style=\"text-align: left;\"><img loading=\"lazy\" decoding=\"async\" class=\"size-full wp-image-391896 alignleft\" src=\"http:\/\/gdz.ge\/wp-content\/uploads\/2019\/05\/gerhard-hoinaki.jpg\" alt=\"\" width=\"150\" height=\"200\" \/><\/p>\n<p style=\"color: blue; font-size: 18px;\">Gerhard Hojnacki<\/p>\n<p style=\"color: black; font-size: 16px;\">Gr\u00fcnder des Deutsch-Georgischen Zentrums e.V in Gelsenkirchen und der erste Vorsitzende des DGZ.<br \/>\nOrganisator vieler kulturellen, ausbildenden und wirtschaftlichen Projekten in Kutaissi: humanit\u00e4re T\u00e4tigkeit, Studenten- und Sch\u00fcleraufenthaltsprogramme in Deutschland, Praktika der jungen georgischen \u00c4rzte in der Kinderklinik von Datteln, Malerausstellungen, Gastspiele der Folkloregruppen in Deutschland, Gr\u00fcndung der georgisch-deutschen Unternehmen.<br \/>\nEhrenb\u00fcrger der Stadt Kutaissi seit 1997.<\/p>\n<p>&nbsp;<\/p>\n<p>&nbsp;<\/p>\n<p style=\"text-align: left;\"><a href=\"http:\/\/gdz.ge\/wp-content\/uploads\/2019\/05\/roland-kolbeki.jpg\"><img loading=\"lazy\" decoding=\"async\" class=\"size-full wp-image-391897 alignleft\" src=\"http:\/\/gdz.ge\/wp-content\/uploads\/2019\/05\/roland-kolbeki.jpg\" alt=\"\" width=\"150\" height=\"200\" \/><\/a><\/p>\n<p style=\"color: blue; font-size: 18px;\">Roland Kolbeck<\/p>\n<p style=\"color: black; font-size: 16px;\">Vorsitzender des Deutsch-Georgischen Zentrums in Gelsenkirchen<br \/>\nRenate Kolbeck<br \/>\nVermittlung von Patenschaften von sozialschwachen Kindern, Fl\u00fcchtlings-, Waisen- und kranke Kinder in Kutaissi und Umgebung.<br \/>\nInsbesondere Unterst\u00fctzung Not leidende Kinder in dem Fl\u00fcchtlingsheim Zchalzitela. Unterst\u00fctzung von ca. 60 Kindern im Internat Brozeula f\u00fcr Waise und sozialschwache Kinder; Finanzierung von Operationen f\u00fcr Kinder in Zusammenarbeit mit befreundeten georgischen Kinder\u00e4rzten in Kutaissi.<br \/>\nEhrenb\u00fcrger der Stadt Kutaissi seit 2005.<\/p>\n<p>&nbsp;<\/p>\n<p>&nbsp;<\/p>\n<p style=\"text-align: left;\"><img loading=\"lazy\" decoding=\"async\" class=\"size-full wp-image-391898 alignleft\" src=\"http:\/\/gdz.ge\/wp-content\/uploads\/2019\/05\/gizela-haili.jpg\" alt=\"\" width=\"150\" height=\"200\" \/><\/p>\n<p style=\"color: blue; font-size: 18px;\">Gisela Heil<\/p>\n<p style=\"color: black; font-size: 16px;\">Vorsitzende der Deutsch-Georgischen Gesellschaft in Saarland e.V.<br \/>\nAuf ihre Initiative wurde der Vertrag \u00fcber die partnerschaftlichen Beziehungen zwischen der deutsch-georgischen Gesellschaft in Saarland und dem Georgisch-Deutschen Zentrum in Kutaissi abgeschlossen.<br \/>\nSeit 2001 Durchf\u00fchrung des Gastsch\u00fcler- und des Studienaufenthaltprogramme in Deutschland. Aktive humanit\u00e4re T\u00e4tigkeit in Georgien.<br \/>\nEhrenb\u00fcrgerin der Stadt Kutaissi seit 2008.<\/p>\n<p>&nbsp;<\/p>\n<p>&nbsp;<\/p>\n<p style=\"text-align: left;\"><a href=\"http:\/\/gdz.ge\/wp-content\/uploads\/2019\/05\/fridrih-eberti.jpg\"><img loading=\"lazy\" decoding=\"async\" class=\"size-full wp-image-391899 alignleft\" src=\"http:\/\/gdz.ge\/wp-content\/uploads\/2019\/05\/fridrih-eberti.jpg\" alt=\"\" width=\"150\" height=\"200\" \/><\/a><\/p>\n<p style=\"color: blue; font-size: 18px;\">Friedrich Ebert<\/p>\n<p style=\"color: black; font-size: 16px;\">Freundeskreis Professor Hermann Wedekind.<br \/>\nHumanit\u00e4rer Initiativkreis der Pfarrgemeinde Allerheiligen Wadern.<br \/>\nEiner der ersten Gastgeber der Sch\u00fcler aus Kutaissi, Unterst\u00fctzung der Kirche in Matchoji, mit Frau und Herrn M\u00fcller humanit\u00e4re T\u00e4tigkeit in Kutaissi, Organisator der Gastspiele des Folklorenensembles \u201eBagrati\u201c in Deutschland in den Jahren 2004 und 2007.<br \/>\nEhrenb\u00fcrger der Stadt Kutaissi seit 2007<\/p>\n<p>&nbsp;<\/p>\n<p>&nbsp;<\/p>\n<p style=\"text-align: left;\"><a href=\"http:\/\/gdz.ge\/wp-content\/uploads\/2019\/05\/gerhard-miuleri.jpg\"><img loading=\"lazy\" decoding=\"async\" class=\"size-full wp-image-391900 alignleft\" src=\"http:\/\/gdz.ge\/wp-content\/uploads\/2019\/05\/gerhard-miuleri.jpg\" alt=\"\" width=\"150\" height=\"200\" \/><\/a><\/p>\n<p style=\"color: blue; font-size: 18px;\">Gerhard M\u00fcller<\/p>\n<p style=\"color: blue; font-size: 18px;\">Karin M\u00fcller<\/p>\n<p style=\"color: black; font-size: 16px;\">Humanit\u00e4rer Initiativkreis der Pfarrgemeinde Allerheiligen Wadern. Seit 5 Jahren pflegen humanit\u00e4re Kontakte nach Georgien. Kutaissi Mit seinen Hilfstransporten haben Sie bisher sehr viel Hilfe in die Kaukasusregion gebracht. Hilfe f\u00fcr Krankenh\u00e4user, Kinderheime, ein Altenheim, Altenbegegnungen, Tagesst\u00e4tten und die Versorgung vieler bed\u00fcrftiger Familien, mit vor Ort gekauften Grundnahrungsmitteln. Unterst\u00fctzung Fl\u00fcchtlingen aus Gori, Zchinwali, Kodori und kinderreichen Familien aus KutaissOrganisator der Gastspiele des Folklorenensembles \u201eBagrati\u201c in Deutschland in den Jahren 2004 und 2007.<br \/>\nGerhard M\u00fcller-Ehrenb\u00fcrger der Stadt Kutaissi seit 2007<br \/>\nKhatarina M\u00fcller-Ehrenb\u00fcrger der Stadt Kutaissi seit 2008.<\/p>\n<p>[\/vc_column_text][\/vc_column][\/vc_row]<\/p>\n<\/div>","protected":false},"excerpt":{"rendered":"<p>[vc_row][vc_column][vc_column_text] Hermann Wedekind Deutscher Schauspieler, Operns\u00e4nger, Regisseur und Theaterintendant. Er erhielt das Gro\u00dfe Verdienstkreuz des Verdienstordens der Bundesrepublik Deutschland, den<\/p>\n","protected":false},"author":1,"featured_media":0,"parent":0,"menu_order":0,"comment_status":"closed","ping_status":"closed","template":"","meta":{"ngg_post_thumbnail":0,"footnotes":""},"class_list":["post-392424","page","type-page","status-publish","hentry"],"_links":{"self":[{"href":"https:\/\/gdz.ge\/de\/wp-json\/wp\/v2\/pages\/392424","targetHints":{"allow":["GET"]}}],"collection":[{"href":"https:\/\/gdz.ge\/de\/wp-json\/wp\/v2\/pages"}],"about":[{"href":"https:\/\/gdz.ge\/de\/wp-json\/wp\/v2\/types\/page"}],"author":[{"embeddable":true,"href":"https:\/\/gdz.ge\/de\/wp-json\/wp\/v2\/users\/1"}],"replies":[{"embeddable":true,"href":"https:\/\/gdz.ge\/de\/wp-json\/wp\/v2\/comments?post=392424"}],"version-history":[{"count":0,"href":"https:\/\/gdz.ge\/de\/wp-json\/wp\/v2\/pages\/392424\/revisions"}],"wp:attachment":[{"href":"https:\/\/gdz.ge\/de\/wp-json\/wp\/v2\/media?parent=392424"}],"curies":[{"name":"wp","href":"https:\/\/api.w.org\/{rel}","templated":true}]}}